{"id":3491,"date":"2020-02-07T02:16:32","date_gmt":"2020-02-07T02:16:32","guid":{"rendered":"https:\/\/demo.casethemes.net\/consultio-business\/?page_id=3491"},"modified":"2024-07-26T10:33:21","modified_gmt":"2024-07-26T10:33:21","slug":"our-story","status":"publish","type":"page","link":"https:\/\/old.premium-partners.net\/fr\/our-story\/","title":{"rendered":"Pr\u00e9sentation"},"content":{"rendered":"<div data-elementor-type=\"wp-page\" data-elementor-id=\"3491\" class=\"elementor elementor-3491\">\n\t\t\t\t        <section class=\"elementor-section elementor-top-section elementor-element elementor-element-40fd8216 elementor-section-boxed elementor-section-height-default elementor-section-height-default ct-header-fixed-none ct-row-max-none\" data-id=\"40fd8216\" data-element_type=\"section\">\n            \n                        <div class=\"elementor-container elementor-column-gap-extended\">\n                    <div class=\"elementor-column elementor-col-50 elementor-top-column elementor-element elementor-element-2a114ffb\" data-id=\"2a114ffb\" data-element_type=\"column\">\n        <div class=\"elementor-widget-wrap elementor-element-populated\">\n                    \n        \t\t<div class=\"elementor-element elementor-element-5b8ff37 line-sub-preset2 elementor-widget elementor-widget-ct_heading\" data-id=\"5b8ff37\" data-element_type=\"widget\" data-widget_type=\"ct_heading.default\">\n\t\t\t\t<div class=\"elementor-widget-container\">\n\t\t\t<div id=\"ct_heading-5b8ff37\" class=\"ct-heading h-align- sub-style1 ct-heading-left item-st-default\">\r\n\t<div class=\"ct-inline-css\"  data-css=\"        \">\r\n    <\/div>\r\n        <h4 class=\"item--title st-default wow wow bounce translation-block\" data-wow-delay=\"ms\"><span class=\"sp-main\">\n            \n             Chez Premium Partners, agence leader en mati\u00e8re de gestion des affaires publiques, nous nous engageons pleinement \u00e0 stimuler le <font>d\u00e9veloppement<\/font> et la <font>performance<\/font> de nos partenaires.\n            \n                     <\/span><\/h4>\r\n<\/div>\t\t<\/div>\n\t\t\t\t<\/div>\n\t\t\t\t<div class=\"elementor-element elementor-element-10df5e6a wow fadeInUp elementor-widget elementor-widget-text-editor\" data-id=\"10df5e6a\" data-element_type=\"widget\" data-widget_type=\"text-editor.default\">\n\t\t\t\t<div class=\"elementor-widget-container\">\n\t\t\t<style>\/*! elementor - v3.21.0 - 25-04-2024 *\/\n.elementor-widget-text-editor.elementor-drop-cap-view-stacked .elementor-drop-cap{background-color:#69727d;color:#fff}.elementor-widget-text-editor.elementor-drop-cap-view-framed .elementor-drop-cap{color:#69727d;border:3px solid;background-color:transparent}.elementor-widget-text-editor:not(.elementor-drop-cap-view-default) .elementor-drop-cap{margin-top:8px}.elementor-widget-text-editor:not(.elementor-drop-cap-view-default) .elementor-drop-cap-letter{width:1em;height:1em}.elementor-widget-text-editor .elementor-drop-cap{float:left;text-align:center;line-height:1;font-size:50px}.elementor-widget-text-editor .elementor-drop-cap-letter{display:inline-block}<\/style>\t\t\t\tDepuis son lancement en 2021, l\u2019objectif ultime de Premium Partners est de d\u00e9charger les entreprises de toutes les contraintes ext\u00e9rieures afin de leur permettre de se concentrer pleinement sur leur c\u0153ur de m\u00e9tier et de fournir des r\u00e9sultats et des prestations de qualit\u00e9.\t\t\t\t\t\t<\/div>\n\t\t\t\t<\/div>\n\t\t\t\t<div class=\"elementor-element elementor-element-8e16793 wow fadeInUp elementor-widget elementor-widget-text-editor\" data-id=\"8e16793\" data-element_type=\"widget\" data-widget_type=\"text-editor.default\">\n\t\t\t\t<div class=\"elementor-widget-container\">\n\t\t\t\t\t\t\tNous prenons en charge de mani\u00e8re pratique la gestion des affaires publiques de l\u2019entreprise, y compris \u00e0 ses d\u00e9buts l'ensemble du processus, de la cr\u00e9ation \u00e0 la promotion, en passant par l'installation et la gestion administrative. Nous offrons ainsi un accompagnement juridique, fiscal et r\u00e9glementaire ainsi qu'une expertise en communication, marketing et lobbying.\t\t\t\t\t\t<\/div>\n\t\t\t\t<\/div>\n\t\t\t\t<div class=\"elementor-element elementor-element-e31700f wow fadeInUp elementor-widget elementor-widget-text-editor\" data-id=\"e31700f\" data-element_type=\"widget\" data-widget_type=\"text-editor.default\">\n\t\t\t\t<div class=\"elementor-widget-container\">\n\t\t\t\t\t\t\tNotre champ d'action principal est le continent africain dans son int\u00e9gralit\u00e9, avec une concentration initiale sur la r\u00e9gion ouest. Nous sommes fiers de mettre \u00e0 disposition de nos partenaires une \u00e9quipe dynamique et productive, poss\u00e9dant une parfaite ma\u00eetrise des environnements op\u00e9rationnels, ainsi qu'une exp\u00e9rience et une expertise \u00e9prouv\u00e9es.\t\t\t\t\t\t<\/div>\n\t\t\t\t<\/div>\n\t\t            <\/div>\n        <\/div>\n                <div class=\"elementor-column elementor-col-50 elementor-top-column elementor-element elementor-element-431858c4\" data-id=\"431858c4\" data-element_type=\"column\">\n        <div class=\"elementor-widget-wrap elementor-element-populated\">\n                    \n        \t\t<div class=\"elementor-element elementor-element-9bd484b elementor-widget elementor-widget-image\" data-id=\"9bd484b\" data-element_type=\"widget\" data-widget_type=\"image.default\">\n\t\t\t\t<div class=\"elementor-widget-container\">\n\t\t\t<style>\/*! elementor - v3.21.0 - 25-04-2024 *\/\n.elementor-widget-image{text-align:center}.elementor-widget-image a{display:inline-block}.elementor-widget-image a img[src$=\".svg\"]{width:48px}.elementor-widget-image img{vertical-align:middle;display:inline-block}<\/style>\t\t\t\t\t\t\t\t\t\t<img fetchpriority=\"high\" decoding=\"async\" width=\"560\" height=\"695\" src=\"https:\/\/old.premium-partners.net\/wp-content\/uploads\/2024\/05\/pont-ccdy.jpg\" class=\"attachment-full size-full wp-image-4872\" alt=\"\" srcset=\"https:\/\/old.premium-partners.net\/wp-content\/uploads\/2024\/05\/pont-ccdy.jpg 560w, https:\/\/old.premium-partners.net\/wp-content\/uploads\/2024\/05\/pont-ccdy-242x300.jpg 242w, https:\/\/old.premium-partners.net\/wp-content\/uploads\/2024\/05\/pont-ccdy-10x12.jpg 10w\" sizes=\"(max-width: 560px) 100vw, 560px\" \/>\t\t\t\t\t\t\t\t\t\t\t\t\t<\/div>\n\t\t\t\t<\/div>\n\t\t            <\/div>\n        <\/div>\n                    <\/div>\n        <\/section>\n        \t\t<\/div>","protected":false},"excerpt":{"rendered":"<p>At Premium Partners, a leading agency for public affairs management, we are completely committed to boosting the development and performance of our partners. Since our launch in 2021, the main objective of Premium Partners has been to make life easier for our clients so they can focus on their core business, by providing them with [&hellip;]<\/p>","protected":false},"author":1,"featured_media":0,"parent":0,"menu_order":0,"comment_status":"closed","ping_status":"closed","template":"","meta":{"_siteseo_robots_primary_cat":"","footnotes":""},"class_list":["post-3491","page","type-page","status-publish","hentry"],"_links":{"self":[{"href":"https:\/\/old.premium-partners.net\/fr\/wp-json\/wp\/v2\/pages\/3491","targetHints":{"allow":["GET"]}}],"collection":[{"href":"https:\/\/old.premium-partners.net\/fr\/wp-json\/wp\/v2\/pages"}],"about":[{"href":"https:\/\/old.premium-partners.net\/fr\/wp-json\/wp\/v2\/types\/page"}],"author":[{"embeddable":true,"href":"https:\/\/old.premium-partners.net\/fr\/wp-json\/wp\/v2\/users\/1"}],"replies":[{"embeddable":true,"href":"https:\/\/old.premium-partners.net\/fr\/wp-json\/wp\/v2\/comments?post=3491"}],"version-history":[{"count":40,"href":"https:\/\/old.premium-partners.net\/fr\/wp-json\/wp\/v2\/pages\/3491\/revisions"}],"predecessor-version":[{"id":5099,"href":"https:\/\/old.premium-partners.net\/fr\/wp-json\/wp\/v2\/pages\/3491\/revisions\/5099"}],"wp:attachment":[{"href":"https:\/\/old.premium-partners.net\/fr\/wp-json\/wp\/v2\/media?parent=3491"}],"curies":[{"name":"wp","href":"https:\/\/api.w.org\/{rel}","templated":true}]}}